{"id":42784,"date":"2021-11-23T15:04:34","date_gmt":"2021-11-23T20:04:34","guid":{"rendered":"https:\/\/itayachtscanada.com\/?page_id=42784"},"modified":"2022-10-03T11:38:58","modified_gmt":"2022-10-03T15:38:58","slug":"importation-exportation-2","status":"publish","type":"page","link":"https:\/\/itayachtscanada.com\/fr\/importation-exportation-2\/","title":{"rendered":"IMPORTATION-EXPORTATION"},"content":{"rendered":"\n<p class=\"has-medium-font-size\">Acquisition et vente aux \u00c9tats-Unis\/Europe\/Asie.<\/p>\n\n\n\n<p class=\"has-medium-font-size\">Nous sommes sp\u00e9cialis\u00e9s pour les acquisitions ou la vente de bateaux qui sont hors du Canada. Nous sommes familiers avec ce type de transaction, plus de la moiti\u00e9 de nos transactions se font hors du Canada.<\/p>\n\n\n\n<p class=\"has-medium-font-size\">De plus, nous avons des ressources surplace pour le march\u00e9 sp\u00e9cial de la Floride.<\/p>\n\n\n\n<p class=\"has-medium-font-size\">Notre approche est professionnelle, on conseille toujours \u00e0 notre client\u00e8le de proc\u00e9der \u00e0 une v\u00e9rification exhaustive des titres de propri\u00e9t\u00e9 avant toute acquisition. On travaille alors en collaboration avec une firme d\u2019avocat sp\u00e9cialis\u00e9 dans ce domaine pr\u00e9cis, et ce pour toutes nos transactions qu\u2019elles soient au Canada ou \u00e0 l\u2019ext\u00e9rieur du Canada.<\/p>\n\n\n\n<div style=\"text-align: center;\"><img data-recalc-dims=\"1\" decoding=\"async\" src=\"https:\/\/i0.wp.com\/itayachtscanada.com\/wp-content\/uploads\/2021\/11\/Capture-decran-le-2021-11-02-a-20.11.16-768x438-1.png?w=700&#038;ssl=1\"><\/div>\n\n\n\n<p class=\"has-medium-font-size\">D\u00e9marche<\/p>\n\n\n\n<p class=\"has-medium-font-size\">\u00c9tant donn\u00e9 la nette abondance dans l\u2019offre au sud de notre fronti\u00e8re ou en Europe ou encore en Asie comparativement \u00e0 l\u2019offre ici au Canada, il est tr\u00e8s fr\u00e9quent que nous repr\u00e9sentions des clients pour une acquisition hors du Canada. On s\u2019occupe de tout, de la n\u00e9gociation, la r\u00e9daction de l\u2019offre d\u2019achat, la s\u00e9lection des inspections, la n\u00e9gociation finale ou encore le retrait complet sans aucune p\u00e9nalit\u00e9 (remboursement complet du d\u00e9p\u00f4t) et par la suite, la conclusion de la transaction.<\/p>\n\n\n\n<p class=\"has-medium-font-size\">L\u2019Europe et l\u2019Asie ont ses particularit\u00e9s, les bateaux poss\u00e8dent une configuration \u00e9lectrique qui est diff\u00e9rente de celle en Am\u00e9rique du Nord sans oublier les normes EPA et le type d\u2019affichage des moniteurs et \u00e9crans. Il faut alors avoir une d\u00e9marche particuli\u00e8re si l\u2019on d\u00e9sire un bateau pleinement op\u00e9rationnel lors de son retour en Am\u00e9rique du Nord.<\/p>\n\n\n\n<p> \u00c9galement, si vous pr\u00e9voyez d\u00e9placer votre bateau au Canada (neuf ou d\u2019occasion), on s\u2019occupe des proc\u00e9dures incluant une \u00e9valuation du yacht pour fin de tarif douanier. Nous avons l\u2019expertise pour une assistance compl\u00e8te dans le cadre d\u2019une importation ou exportation. De plus, on vous offre une assistance compl\u00e8te pour le transport&nbsp;du bateau du point A au point B.&nbsp;&nbsp;&nbsp;<\/p>\n\n\n\n<p class=\"has-medium-font-size\">Notre d\u00e9marche est professionnelle et bas\u00e9e sur plus de 20 ann\u00e9es d\u2019exp\u00e9rience. Nous sommes familiers avec les transactions d\u2019importations et d\u2019exportations et de la fiscalit\u00e9 qui s\u2019y rattache afin de maximiser son acquisition.<\/p>\n\n\n\n<p class=\"has-medium-font-size\">&#8211; Trait\u00e9 Canada-Mexique-\u00c9tats-Unis ACEUM<\/p>\n\n\n\n<p class=\"has-medium-font-size\">&#8211; Trait\u00e9 de libre-\u00e9change Canada-Europe AECG<\/p>\n\n\n\n<p class=\"has-medium-font-size\">&#8211; Trait\u00e9 Asie-Pacifique &#8211; PTPGP (Le Canada en fait partie).<\/p>\n\n\n\n<figure class=\"wp-block-image size-full is-resized\"><a href=\"https:\/\/i0.wp.com\/itayachtscanada.com\/wp-content\/uploads\/2021\/11\/import-export-2.png?ssl=1\"><img data-recalc-dims=\"1\" loading=\"lazy\" decoding=\"async\" data-attachment-id=\"42075\" data-permalink=\"https:\/\/itayachtscanada.com\/fr\/import-export\/import-export-2-2\/\" data-orig-file=\"https:\/\/i0.wp.com\/itayachtscanada.com\/wp-content\/uploads\/2021\/11\/import-export-2.png?fit=320%2C397&amp;ssl=1\" data-orig-size=\"320,397\" data-comments-opened=\"1\" data-image-meta=\"{&quot;aperture&quot;:&quot;0&quot;,&quot;credit&quot;:&quot;&quot;,&quot;camera&quot;:&quot;&quot;,&quot;caption&quot;:&quot;&quot;,&quot;created_timestamp&quot;:&quot;0&quot;,&quot;copyright&quot;:&quot;&quot;,&quot;focal_length&quot;:&quot;0&quot;,&quot;iso&quot;:&quot;0&quot;,&quot;shutter_speed&quot;:&quot;0&quot;,&quot;title&quot;:&quot;&quot;,&quot;orientation&quot;:&quot;0&quot;}\" data-image-title=\"import-export-2\" data-image-description=\"\" data-image-caption=\"\" data-large-file=\"https:\/\/i0.wp.com\/itayachtscanada.com\/wp-content\/uploads\/2021\/11\/import-export-2.png?fit=320%2C397&amp;ssl=1\" src=\"https:\/\/i0.wp.com\/itayachtscanada.com\/wp-content\/uploads\/2021\/11\/import-export-2.png?resize=351%2C436&#038;ssl=1\" alt=\"\" class=\"wp-image-42075\" width=\"351\" height=\"436\" srcset=\"https:\/\/i0.wp.com\/itayachtscanada.com\/wp-content\/uploads\/2021\/11\/import-export-2.png?w=320&amp;ssl=1 320w, https:\/\/i0.wp.com\/itayachtscanada.com\/wp-content\/uploads\/2021\/11\/import-export-2.png?resize=242%2C300&amp;ssl=1 242w\" sizes=\"auto, (max-width: 351px) 100vw, 351px\" \/><\/a><\/figure>\n\n\n\n<p class=\"has-medium-font-size\">Bien s\u00fbr, il est possible de prendre livraison de votre bateau sur place avant la livraison finale ici en Am\u00e9rique du Nord. Pourquoi pas profiter du bateau pendant qu\u2019il est l\u00e0-bas\u2026<\/p>\n\n\n\n<h5><a href=\"\/fr\/delivery-to-montreal\" target=\"_blank\" rel=\"noopener\">Livraison \u00e0 Montreal<\/a><\/h5>\n<br>\n<h5><a href=\"\/fr\/delivery-to-fort-lauderdale\" target=\"_blank\" rel=\"noopener\">Livraison \u00e0 Fort Lauderdale<\/a><\/h5>\n<br>\n<h5><a href=\"\/fr\/delivery-to-italy\" target=\"_blank\" rel=\"noopener\">Livraison \u00e0 Italy<\/a><\/h5>\n\n\n\n<p class=\"has-medium-font-size\">Nous sommes \u00e0 votre disposition pour discuter de vos attentes, de vos objectifs et d\u00e9finir le mandat que vous allez nous donner. Nous sommes trois courtiers et nous travaillons tous les dossiers en \u00e9quipe.<\/p>\n\n\n\n<p class=\"has-medium-font-size\">La communication et la compr\u00e9hension de votre dossier sont les cl\u00e9s d\u2019une excellente transaction, alors tout est mis en \u0153uvre pour sa r\u00e9ussite.<\/p>\n","protected":false},"excerpt":{"rendered":"<p>Acquisition et vente aux \u00c9tats-Unis\/Europe\/Asie. Nous sommes sp\u00e9cialis\u00e9s pour les acquisitions ou la vente de bateaux qui sont hors du Canada. Nous sommes familiers avec ce type de transaction, plus de la moiti\u00e9 de nos transactions se font hors du Canada. De plus, nous avons des ressources surplace pour le march\u00e9 sp\u00e9cial de la Floride. &hellip; <a href=\"https:\/\/itayachtscanada.com\/fr\/importation-exportation-2\/\" class=\"more-link\">Lire la suite <span class=\"screen-reader-text\">IMPORTATION-EXPORTATION<\/span> <span class=\"meta-nav\">&rarr;<\/span><\/a><\/p>\n","protected":false},"author":119081454,"featured_media":0,"parent":0,"menu_order":0,"comment_status":"closed","ping_status":"closed","template":"","meta":{"_coblocks_attr":"","_coblocks_dimensions":"","_coblocks_responsive_height":"","_coblocks_accordion_ie_support":"","_lmt_disableupdate":"","_lmt_disable":"","advanced_seo_description":"","jetpack_seo_html_title":"","jetpack_seo_noindex":false,"footnotes":""},"class_list":["post-42784","page","type-page","status-publish","hentry"],"translation":{"provider":"WPGlobus","version":"2.12.2","language":"fr","enabled_languages":["en","fr"],"languages":{"en":{"title":true,"content":true,"excerpt":false},"fr":{"title":true,"content":true,"excerpt":false}}},"jetpack_likes_enabled":true,"jetpack_sharing_enabled":true,"jetpack_shortlink":"https:\/\/wp.me\/Pdr7OT-b84","_links":{"self":[{"href":"https:\/\/itayachtscanada.com\/fr\/wp-json\/wp\/v2\/pages\/42784","targetHints":{"allow":["GET"]}}],"collection":[{"href":"https:\/\/itayachtscanada.com\/fr\/wp-json\/wp\/v2\/pages"}],"about":[{"href":"https:\/\/itayachtscanada.com\/fr\/wp-json\/wp\/v2\/types\/page"}],"author":[{"embeddable":true,"href":"https:\/\/itayachtscanada.com\/fr\/wp-json\/wp\/v2\/users\/119081454"}],"replies":[{"embeddable":true,"href":"https:\/\/itayachtscanada.com\/fr\/wp-json\/wp\/v2\/comments?post=42784"}],"version-history":[{"count":14,"href":"https:\/\/itayachtscanada.com\/fr\/wp-json\/wp\/v2\/pages\/42784\/revisions"}],"predecessor-version":[{"id":79679,"href":"https:\/\/itayachtscanada.com\/fr\/wp-json\/wp\/v2\/pages\/42784\/revisions\/79679"}],"wp:attachment":[{"href":"https:\/\/itayachtscanada.com\/fr\/wp-json\/wp\/v2\/media?parent=42784"}],"curies":[{"name":"wp","href":"https:\/\/api.w.org\/{rel}","templated":true}]}}