{"id":42688,"date":"2021-11-23T14:45:06","date_gmt":"2021-11-23T19:45:06","guid":{"rendered":"https:\/\/itayachtscanada.com\/?page_id=42688"},"modified":"2022-11-29T08:55:22","modified_gmt":"2022-11-29T13:55:22","slug":"virtual-visits","status":"publish","type":"page","link":"https:\/\/itayachtscanada.com\/fr\/virtual-visits\/","title":{"rendered":"Visites virtuelles"},"content":{"rendered":"\n<div style=\"text-align: center;\"><img decoding=\"async\" src=\"\/wp-content\/uploads\/2021\/12\/ITA-Yachts-Canada-ecran-pro-360.png\" alt=\"contact\" width=\"300\"><img decoding=\"async\" src=\"\/wp-content\/uploads\/2021\/12\/kisspng-3d-computer-graphics-3d-printing-three-dimensional-3d-5abb7f8d3f0f33.6369710315222373252583.png\" alt=\"contact\" width=\"300\"><\/div>\n\n\n<div style=\"font-size: 20px;\">\n<div>\n<p>Beaucoup de manufacturiers y sont pr\u00e9sents, par exemple : Azimut Yachts, Sea Ray, Princess Yachts, Sunseeker Yachts, Ferretti Yachts, Pershing Yachts, Cruisers Yachts, Riva, Atlantis, Absolute Yachts, Tiara, Maritimo, Riviera Yachts, Hatteras, San Lorenzo, Benetti, Custom Line, Horizon Yachts, Ocean Alexander, Outer Reef, Fairline, Fleming, sans oubli\u00e9 les catamarans Sunreef et Robertson &amp; Caine (Leopard) et plusieurs autres manufacturiers.<\/p>\n<p>Pour des conseils ou questions svp contactez-nous au 514-521-1221. Si vous d\u00e9sirez d\u00e9buter une d\u00e9marche d\u2019acquisition ou nous donner le mandat de vendre votre bateau actuel,&nbsp;<a href=\"https:\/\/itayachtscanada.com\/fr\/contact\/\">cliquez ici pour nous faire parvenir votre message<\/a>.<\/p>\n<p>Consulter le site web&nbsp;<a href=\"https:\/\/www.propriobateau.ca\/\">ProprioBateau.ca<\/a>&nbsp;, division de ITA Yachts Canada, pour voir un vaste choix de bateau d\u2019occasion qui sont disponible partout en Am\u00e9rique du Nord.<\/p>\n<\/div>\n<h4 id=\"contactez-nous-au-514-521-1221-ou-en-cliquant-ici\">CONTACTEZ-NOUS AU 514 521-1221 OU EN&nbsp;<a href=\"https:\/\/itayachtscanada.com\/fr\/contact\/\">CLIQUANT ICI<\/a><\/h4>\n<\/div>\n<div class=\"wp-block-columns\">\n<div class=\"wp-block-column\">&nbsp;<\/div>\n<\/div>\n<div class=\"wp-block-query\">&nbsp;<\/div>\n\n<h2 class=\"wp-block-post-title\">Visites virtuelles<\/h2>\n\n<p><!-- \/wp:post-content --><\/p>\n<p><!-- wp:query-pagination --><\/p>\n<p><!-- wp:query-pagination-previous \/--><\/p>\n<p><!-- wp:query-pagination-numbers \/--><\/p>\n<p><!-- wp:query-pagination-next \/--><!-- \/wp:query-pagination --><\/p>\n<p><!-- \/wp:query --><\/p>\n<p><!-- wp:columns --><\/p>\n<div class=\"wp-block-columns\"><!-- wp:column -->\n<p>\u00a0<\/p>\n<div class=\"wp-block-column\"><!-- wp:html -->\n<p>\u00a0<\/p>\n<div style=\"font-size: 16px;\">\n<ul>\n<li><a href=\"\/fr\/sizes\/moins-de-40-pieds\/\">Moins de 40 pieds<\/a><\/li>\n<li><a href=\"\/fr\/sizes\/entre-40-et-49-pieds\/\">Entre 40 et 49 pieds<\/a><\/li>\n<li><a href=\"\/fr\/sizes\/entre-50-et-59-pieds\/\">Entre 50 et 59 pieds<\/a><\/li>\n<li><a href=\"\/fr\/sizes\/entre-60-et-69-pieds\/\">Entre 60 et 69 pieds<\/a><\/li>\n<\/ul>\n<\/div>\n<p><!-- \/wp:html --><\/p>\n<\/div>\n<p><!-- \/wp:column --><\/p>\n<p><!-- wp:column --><\/p>\n<div class=\"wp-block-column\"><!-- wp:html -->\n<p>\u00a0<\/p>\n<div style=\"font-size: 16px;\">\n<ul>\n<li><a href=\"\/fr\/sizes\/entre-70-et-79-pieds\/\">Entre 70 et 79 pieds<\/a><\/li>\n<li><a href=\"\/fr\/sizes\/entre-80-et-89-pieds\/\">Entre 80 et 89 pieds<\/a><\/li>\n<li><a href=\"\/fr\/sizes\/entre-90-et-99-pieds\/\">Entre 90 et 99 pieds<\/a><\/li>\n<li><a href=\"\/fr\/sizes\/entre-100-et-109-pieds\/\">Entre 100 et 109 pieds<\/a><\/li>\n<\/ul>\n<\/div>\n<p><!-- \/wp:html --><\/p>\n<\/div>\n<p><!-- \/wp:column --><\/p>\n<p><!-- wp:column --><\/p>\n<div class=\"wp-block-column\"><!-- wp:html -->\n<p>\u00a0<\/p>\n<div style=\"font-size: 16px;\">\n<ul>\n<li><a href=\"\/fr\/sizes\/entre-110-et-119-pieds\/\">Entre 110 et 119 pieds<\/a><\/li>\n<li><a href=\"\/fr\/sizes\/entre-120-et-129-pieds\/\">Entre 120 et 129 pieds<\/a><\/li>\n<li><a href=\"\/fr\/sizes\/plus-de-130-pieds\/\">Plus de 130 pieds<\/a><\/li>\n<\/ul>\n<\/div>\n<p><!-- \/wp:html --><\/p>\n<\/div>\n<p><!-- \/wp:column --><\/p>\n<\/div>\n<p><!-- \/wp:columns --><\/p>\n\n<!-- wp:paragraph -->\n<p><\/p>\n<!-- \/wp:paragraph -->","protected":false},"excerpt":{"rendered":"<p>Beaucoup de manufacturiers y sont pr\u00e9sents, par exemple : Azimut Yachts, Sea Ray, Princess Yachts, Sunseeker Yachts, Ferretti Yachts, Pershing Yachts, Cruisers Yachts, Riva, Atlantis, Absolute Yachts, Tiara, Maritimo, Riviera Yachts, Hatteras, San Lorenzo, Benetti, Custom Line, Horizon Yachts, Ocean Alexander, Outer Reef, Fairline, Fleming, sans oubli\u00e9 les catamarans Sunreef et Robertson &amp; Caine (Leopard) &hellip; <a href=\"https:\/\/itayachtscanada.com\/fr\/virtual-visits\/\" class=\"more-link\">Lire la suite <span class=\"screen-reader-text\">Visites virtuelles<\/span> <span class=\"meta-nav\">&rarr;<\/span><\/a><\/p>\n","protected":false},"author":119081454,"featured_media":0,"parent":0,"menu_order":0,"comment_status":"closed","ping_status":"closed","template":"","meta":{"_coblocks_attr":"","_coblocks_dimensions":"","_coblocks_responsive_height":"","_coblocks_accordion_ie_support":"","_lmt_disableupdate":"","_lmt_disable":"","advanced_seo_description":"","jetpack_seo_html_title":"","jetpack_seo_noindex":false,"jetpack_post_was_ever_published":false,"footnotes":""},"class_list":["post-42688","page","type-page","status-publish","hentry"],"translation":{"provider":"WPGlobus","version":"2.12.2","language":"fr","enabled_languages":["en","fr"],"languages":{"en":{"title":true,"content":true,"excerpt":false},"fr":{"title":true,"content":true,"excerpt":false}}},"jetpack_likes_enabled":true,"jetpack_sharing_enabled":true,"jetpack_shortlink":"https:\/\/wp.me\/Pdr7OT-b6w","_links":{"self":[{"href":"https:\/\/itayachtscanada.com\/fr\/wp-json\/wp\/v2\/pages\/42688","targetHints":{"allow":["GET"]}}],"collection":[{"href":"https:\/\/itayachtscanada.com\/fr\/wp-json\/wp\/v2\/pages"}],"about":[{"href":"https:\/\/itayachtscanada.com\/fr\/wp-json\/wp\/v2\/types\/page"}],"author":[{"embeddable":true,"href":"https:\/\/itayachtscanada.com\/fr\/wp-json\/wp\/v2\/users\/119081454"}],"replies":[{"embeddable":true,"href":"https:\/\/itayachtscanada.com\/fr\/wp-json\/wp\/v2\/comments?post=42688"}],"version-history":[{"count":43,"href":"https:\/\/itayachtscanada.com\/fr\/wp-json\/wp\/v2\/pages\/42688\/revisions"}],"predecessor-version":[{"id":87635,"href":"https:\/\/itayachtscanada.com\/fr\/wp-json\/wp\/v2\/pages\/42688\/revisions\/87635"}],"wp:attachment":[{"href":"https:\/\/itayachtscanada.com\/fr\/wp-json\/wp\/v2\/media?parent=42688"}],"curies":[{"name":"wp","href":"https:\/\/api.w.org\/{rel}","templated":true}]}}