{"id":41946,"date":"2021-11-21T09:48:13","date_gmt":"2021-11-21T14:48:13","guid":{"rendered":"https:\/\/itayachtscanada.com\/?page_id=41946"},"modified":"2022-08-23T15:38:19","modified_gmt":"2022-08-23T19:38:19","slug":"delivery-to-italy","status":"publish","type":"page","link":"https:\/\/itayachtscanada.com\/fr\/delivery-to-italy\/","title":{"rendered":"LIvraison en Italie"},"content":{"rendered":"\n<p><strong>La livraison de votre yacht par porte-conteneurs en Am\u00e9rique du Nord est \u00e0 votre charge.  Cependant, l&rsquo;option de prendre livraison de votre yacht en Europe, d&rsquo;y passer quelques semaines, quelques mois ou m\u00eame quelques ann\u00e9es avant de le faire livrer en Am\u00e9rique serait sp\u00e9ciale.<\/strong><\/p>\n\n\n\n<p><strong>Veuillez contacter l&rsquo;\u00e9quipe d&rsquo;Ita Yachts Canada pour plus de renseignements. <\/strong><\/p>\n","protected":false},"excerpt":{"rendered":"<p>La livraison de votre yacht par porte-conteneurs en Am\u00e9rique du Nord est \u00e0 votre charge. Cependant, l&rsquo;option de prendre livraison de votre yacht en Europe, d&rsquo;y passer quelques semaines, quelques mois ou m\u00eame quelques ann\u00e9es avant de le faire livrer en Am\u00e9rique serait sp\u00e9ciale. Veuillez contacter l&rsquo;\u00e9quipe d&rsquo;Ita Yachts Canada pour plus de renseignements.<\/p>\n","protected":false},"author":119081454,"featured_media":41950,"parent":0,"menu_order":0,"comment_status":"closed","ping_status":"closed","template":"","meta":{"_coblocks_attr":"","_coblocks_dimensions":"","_coblocks_responsive_height":"","_coblocks_accordion_ie_support":"","_lmt_disableupdate":"","_lmt_disable":"","advanced_seo_description":"","jetpack_seo_html_title":"","jetpack_seo_noindex":false,"footnotes":""},"class_list":["post-41946","page","type-page","status-publish","has-post-thumbnail","hentry"],"translation":{"provider":"WPGlobus","version":"2.12.2","language":"fr","enabled_languages":["en","fr"],"languages":{"en":{"title":true,"content":true,"excerpt":false},"fr":{"title":true,"content":true,"excerpt":false}}},"jetpack_likes_enabled":true,"jetpack_sharing_enabled":true,"jetpack_shortlink":"https:\/\/wp.me\/Pdr7OT-aUy","_links":{"self":[{"href":"https:\/\/itayachtscanada.com\/fr\/wp-json\/wp\/v2\/pages\/41946","targetHints":{"allow":["GET"]}}],"collection":[{"href":"https:\/\/itayachtscanada.com\/fr\/wp-json\/wp\/v2\/pages"}],"about":[{"href":"https:\/\/itayachtscanada.com\/fr\/wp-json\/wp\/v2\/types\/page"}],"author":[{"embeddable":true,"href":"https:\/\/itayachtscanada.com\/fr\/wp-json\/wp\/v2\/users\/119081454"}],"replies":[{"embeddable":true,"href":"https:\/\/itayachtscanada.com\/fr\/wp-json\/wp\/v2\/comments?post=41946"}],"version-history":[{"count":18,"href":"https:\/\/itayachtscanada.com\/fr\/wp-json\/wp\/v2\/pages\/41946\/revisions"}],"predecessor-version":[{"id":75610,"href":"https:\/\/itayachtscanada.com\/fr\/wp-json\/wp\/v2\/pages\/41946\/revisions\/75610"}],"wp:featuredmedia":[{"embeddable":true,"href":"https:\/\/itayachtscanada.com\/fr\/wp-json\/wp\/v2\/media\/41950"}],"wp:attachment":[{"href":"https:\/\/itayachtscanada.com\/fr\/wp-json\/wp\/v2\/media?parent=41946"}],"curies":[{"name":"wp","href":"https:\/\/api.w.org\/{rel}","templated":true}]}}