{"id":41899,"date":"2021-11-21T09:24:33","date_gmt":"2021-11-21T14:24:33","guid":{"rendered":"https:\/\/itayachtscanada.com\/?page_id=41899"},"modified":"2022-08-23T15:34:21","modified_gmt":"2022-08-23T19:34:21","slug":"delivery-to-montreal","status":"publish","type":"page","link":"https:\/\/itayachtscanada.com\/fr\/delivery-to-montreal\/","title":{"rendered":"LIVRAISON \u00c0 MONTREAL"},"content":{"rendered":"\n<p><strong>La livraison de votre yacht par porte-conteneurs en Am\u00e9rique du Nord est \u00e0 votre charge.  Cependant, l&rsquo;option de prendre livraison de votre yacht en Europe, d&rsquo;y passer quelques semaines, quelques mois ou m\u00eame quelques ann\u00e9es avant de le faire livrer en Am\u00e9rique serait sp\u00e9ciale et surtout a ne pas n\u00e9gliger comme exp\u00e9rience.  <\/strong><\/p>\n\n\n\n<p><strong>Veuillez contacter l&rsquo;\u00e9quipe d&rsquo;Ita Yachts Canada pour plus de renseignements.<\/strong><\/p>\n\n\n\n<p><br><\/p>\n","protected":false},"excerpt":{"rendered":"<p>La livraison de votre yacht par porte-conteneurs en Am\u00e9rique du Nord est \u00e0 votre charge. Cependant, l&rsquo;option de prendre livraison de votre yacht en Europe, d&rsquo;y passer quelques semaines, quelques mois ou m\u00eame quelques ann\u00e9es avant de le faire livrer en Am\u00e9rique serait sp\u00e9ciale et surtout a ne pas n\u00e9gliger comme exp\u00e9rience. Veuillez contacter l&rsquo;\u00e9quipe &hellip; <a href=\"https:\/\/itayachtscanada.com\/fr\/delivery-to-montreal\/\" class=\"more-link\">Lire la suite <span class=\"screen-reader-text\">LIVRAISON \u00c0 MONTREAL<\/span> <span class=\"meta-nav\">&rarr;<\/span><\/a><\/p>\n","protected":false},"author":119081454,"featured_media":41934,"parent":0,"menu_order":0,"comment_status":"closed","ping_status":"closed","template":"","meta":{"_coblocks_attr":"","_coblocks_dimensions":"","_coblocks_responsive_height":"","_coblocks_accordion_ie_support":"","_lmt_disableupdate":"","_lmt_disable":"","advanced_seo_description":"","jetpack_seo_html_title":"","jetpack_seo_noindex":false,"footnotes":""},"class_list":["post-41899","page","type-page","status-publish","has-post-thumbnail","hentry"],"translation":{"provider":"WPGlobus","version":"2.12.2","language":"fr","enabled_languages":["en","fr"],"languages":{"en":{"title":true,"content":true,"excerpt":false},"fr":{"title":true,"content":true,"excerpt":false}}},"jetpack_likes_enabled":true,"jetpack_sharing_enabled":true,"jetpack_shortlink":"https:\/\/wp.me\/Pdr7OT-aTN","_links":{"self":[{"href":"https:\/\/itayachtscanada.com\/fr\/wp-json\/wp\/v2\/pages\/41899","targetHints":{"allow":["GET"]}}],"collection":[{"href":"https:\/\/itayachtscanada.com\/fr\/wp-json\/wp\/v2\/pages"}],"about":[{"href":"https:\/\/itayachtscanada.com\/fr\/wp-json\/wp\/v2\/types\/page"}],"author":[{"embeddable":true,"href":"https:\/\/itayachtscanada.com\/fr\/wp-json\/wp\/v2\/users\/119081454"}],"replies":[{"embeddable":true,"href":"https:\/\/itayachtscanada.com\/fr\/wp-json\/wp\/v2\/comments?post=41899"}],"version-history":[{"count":21,"href":"https:\/\/itayachtscanada.com\/fr\/wp-json\/wp\/v2\/pages\/41899\/revisions"}],"predecessor-version":[{"id":75604,"href":"https:\/\/itayachtscanada.com\/fr\/wp-json\/wp\/v2\/pages\/41899\/revisions\/75604"}],"wp:featuredmedia":[{"embeddable":true,"href":"https:\/\/itayachtscanada.com\/fr\/wp-json\/wp\/v2\/media\/41934"}],"wp:attachment":[{"href":"https:\/\/itayachtscanada.com\/fr\/wp-json\/wp\/v2\/media?parent=41899"}],"curies":[{"name":"wp","href":"https:\/\/api.w.org\/{rel}","templated":true}]}}