{"id":311,"date":"2021-10-13T09:40:52","date_gmt":"2021-10-13T13:40:52","guid":{"rendered":"https:\/\/itayachtscanada.com\/?page_id=311"},"modified":"2022-11-08T14:00:25","modified_gmt":"2022-11-08T19:00:25","slug":"311-2","status":"publish","type":"page","link":"https:\/\/itayachtscanada.com\/fr\/","title":{"rendered":"MENU"},"content":{"rendered":"<p><br \/><!-- \/wp:post-content --><\/p>\r\n<!-- wp:columns -->\r\n<div class=\"wp-block-columns\"><!-- wp:column {\"width\":\"100%\"} -->\r\n<div class=\"wp-block-column\" style=\"flex-basis: 100%;\"><!-- wp:columns -->\r\n<div class=\"wp-block-columns\"><!-- wp:column {\"width\":\"50%\"} -->\r\n<div class=\"wp-block-column\" style=\"flex-basis: 50%;\"><!-- wp:paragraph -->\r\n<div>\r\n<h4><a href=\"\/en\/\">COURTIER &#8211; INTERNATIONAL &#8211; BROKER<\/a><\/h4>\r\n<\/div>\r\n<!-- \/wp:paragraph -->\r\n\r\n<!-- wp:paragraph -->\r\n<p>Bienvenue sur le site de ITA YACHTS CANADA INC.<\/p>\r\n<!-- \/wp:paragraph -->\r\n\r\n<!-- wp:paragraph -->\r\n<p>Nous avons plus de 20 ans d&rsquo;exp\u00e9rience dans le domaine du courtage de bateaux avec de nombreuses transactions au Canada, aux Etats-Unis ainsi qu&rsquo;en Europe.<\/p>\r\n<!-- \/wp:paragraph -->\r\n\r\n<!-- wp:paragraph -->\r\n<p>Notre approche couvre toutes les facettes d&rsquo;une transaction dans le meilleur int\u00e9r\u00eat de chaque client (s\u00e9lection, historique du bateau, r\u00e9daction de l&rsquo;offre, inspection d\u00e9taill\u00e9e, n\u00e9gociation et conclusion) et de plus, la fiscalit\u00e9 entourant ce secteur \u00e9conomique n&rsquo;est plus un secret pour nous.<\/p>\r\n<!-- \/wp:paragraph -->\r\n\r\n<!-- wp:paragraph -->\r\n<p>Lorsque vous \u00eates en mode achat, nos services sont gratuits pour vous. Lorsque vous nous confiez la vente de votre bateau, notre commission est de 5%.\u00a0 Nous sommes trois courtiers qui travaillons en \u00e9quipe sur tous les dossiers, vous serez entre de tr\u00e8s bonnes mains avec nous.\u00a0 Pour une transaction sans souci, confiez-nous le mandat de concr\u00e9tiser votre projet.<\/p>\r\n<!-- \/wp:paragraph -->\r\n\r\n<!-- wp:paragraph -->\r\n<p>Pour la vente, l&rsquo;achat, ou m\u00eame la location d&rsquo;un yacht, nous avons l&rsquo;expertise et l&rsquo;exp\u00e9rience pour mener \u00e0 bien une transaction r\u00e9ussie.<\/p>\r\n<!-- \/wp:paragraph -->\r\n\r\n<!-- wp:paragraph -->\r\n<p>\u00c9tablis depuis 2013 \u00e0 St-Jean-sur-Richelieu, Qu\u00e9bec, Canada. Nous sommes pr\u00e9sents sur YachtWorld, BoatDealers, Boats.com et bien s\u00fbr ProprioBateau.<\/p>\r\n<!-- \/wp:paragraph -->\r\n\r\n<!-- wp:paragraph -->\r\n<p>Veuillez communiquer avec nous, Eric Gaudette, Michelle Mant et Guy Bolduc au 514-521-1221.<\/p>\r\n<!-- \/wp:paragraph --><\/div>\r\n<!-- \/wp:column -->\r\n\r\n<!-- wp:column {\"width\":\"50%\"} -->\r\n<div class=\"wp-block-column\" style=\"flex-basis: 50%;\"><!-- wp:html --> <img decoding=\"async\" src=\"\/wp-content\/uploads\/2021\/10\/116426199_3709845612364987_4442713464536888199_o.jpg\" \/> <!-- \/wp:html -->\r\n\r\n<!-- wp:html --> <img decoding=\"async\" src=\"\/wp-content\/uploads\/2021\/11\/Capture-decran-le-2021-11-24-a-16.48.36.png\" \/> <!-- \/wp:html -->\r\n\r\n<!-- wp:html --> L&rsquo;\u00c9QUIPE ITA YACHTS CANADA <br \/><img decoding=\"async\" src=\"\/wp-content\/uploads\/2022\/03\/thumbnail_photos-e\u0301quipe-team-itayachtscanada-propriobateau-flibs2022.jpg\" \/><br \/><!-- \/wp:html --><\/div>\r\n<!-- \/wp:column --><\/div>\r\n<!-- \/wp:columns --><\/div>\r\n<!-- \/wp:column --><\/div>\r\n<!-- \/wp:columns -->\r\n\r\n<!-- wp:paragraph -->\r\n<p>&nbsp;<\/p>\r\n<!-- \/wp:paragraph -->","protected":false},"excerpt":{"rendered":"<p>COURTIER &#8211; INTERNATIONAL &#8211; BROKER Bienvenue sur le site de ITA YACHTS CANADA INC. Nous avons plus de 20 ans d&rsquo;exp\u00e9rience dans le domaine du courtage de bateaux avec de nombreuses transactions au Canada, aux Etats-Unis ainsi qu&rsquo;en Europe. Notre approche couvre toutes les facettes d&rsquo;une transaction dans le meilleur int\u00e9r\u00eat de chaque client (s\u00e9lection, &hellip; <a href=\"https:\/\/itayachtscanada.com\/fr\/\" class=\"more-link\">Lire la suite <span class=\"screen-reader-text\">MENU<\/span> <span class=\"meta-nav\">&rarr;<\/span><\/a><\/p>\n","protected":false},"author":119081454,"featured_media":0,"parent":0,"menu_order":0,"comment_status":"closed","ping_status":"closed","template":"","meta":{"_coblocks_attr":"","_coblocks_dimensions":"","_coblocks_responsive_height":"","_coblocks_accordion_ie_support":"","_lmt_disableupdate":"","_lmt_disable":"","advanced_seo_description":"","jetpack_seo_html_title":"","jetpack_seo_noindex":false,"footnotes":""},"class_list":["post-311","page","type-page","status-publish","hentry"],"translation":{"provider":"WPGlobus","version":"2.12.2","language":"fr","enabled_languages":["en","fr"],"languages":{"en":{"title":true,"content":true,"excerpt":false},"fr":{"title":true,"content":true,"excerpt":false}}},"jetpack_likes_enabled":true,"jetpack_sharing_enabled":true,"jetpack_shortlink":"https:\/\/wp.me\/Pdr7OT-51","_links":{"self":[{"href":"https:\/\/itayachtscanada.com\/fr\/wp-json\/wp\/v2\/pages\/311","targetHints":{"allow":["GET"]}}],"collection":[{"href":"https:\/\/itayachtscanada.com\/fr\/wp-json\/wp\/v2\/pages"}],"about":[{"href":"https:\/\/itayachtscanada.com\/fr\/wp-json\/wp\/v2\/types\/page"}],"author":[{"embeddable":true,"href":"https:\/\/itayachtscanada.com\/fr\/wp-json\/wp\/v2\/users\/119081454"}],"replies":[{"embeddable":true,"href":"https:\/\/itayachtscanada.com\/fr\/wp-json\/wp\/v2\/comments?post=311"}],"version-history":[{"count":100,"href":"https:\/\/itayachtscanada.com\/fr\/wp-json\/wp\/v2\/pages\/311\/revisions"}],"predecessor-version":[{"id":87498,"href":"https:\/\/itayachtscanada.com\/fr\/wp-json\/wp\/v2\/pages\/311\/revisions\/87498"}],"wp:attachment":[{"href":"https:\/\/itayachtscanada.com\/fr\/wp-json\/wp\/v2\/media?parent=311"}],"curies":[{"name":"wp","href":"https:\/\/api.w.org\/{rel}","templated":true}]}}